{"id":3,"date":"2021-02-11T09:16:24","date_gmt":"2021-02-11T09:16:24","guid":{"rendered":"https:\/\/fratelligiampa.it\/?page_id=3"},"modified":"2021-02-12T11:53:56","modified_gmt":"2021-02-12T11:53:56","slug":"privacy-policy","status":"publish","type":"page","link":"https:\/\/fratelligiampa.it\/index.php\/privacy-policy\/","title":{"rendered":"Privacy Policy"},"content":{"rendered":"<h1 style=\"margin-bottom: 5px;\">Privacy Policy&nbsp;<\/h1>\n<p style=\"margin-bottom: 0px; font-weight: 300; font-size: 15px;\">Questo Sito Web raccoglie alcuni Dati Personali dei propri Utenti.<\/p>\n<h2 style=\"margin-bottom: 0px; padding-top: 20px;\">Titolare del Trattamento dei Dati<\/h2>\n<p>ANTONIO GIAMPA&#8217;<br \/>\n<b style=\"font-style: inherit; text-transform: capitalize; font-size: 15px;\">Indirizzo email del Titolare:<\/b>&nbsp;info@fratelligiampa.it<\/p>\n<h2 style=\"margin-bottom: 0px; padding-top: 20px;\">Tipologie di Dati raccolti<\/h2>\n<p style=\"margin-bottom: 0px; font-weight: 300; font-size: 15px; padding-top: 20px;\">Dettagli completi su ciascuna tipologia di dati raccolti sono forniti nelle sezioni dedicate di questa privacy policy o mediante specifici testi informativi visualizzati prima della raccolta dei dati stessi.<br \/>\nI Dati Personali possono essere liberamente forniti dall&#8217;Utente o, nel caso di Dati di Utilizzo, raccolti automaticamente durante l&#8217;uso di questo Sito Web.<br \/>\nSe non diversamente specificato, tutti i Dati richiesti da questo Sito Web sono obbligatori. Se l\u2019Utente rifiuta di comunicarli, potrebbe essere impossibile per questo Sito Web fornire il Servizio. Nei casi in cui questo Sito Web indichi alcuni Dati come facoltativi, gli Utenti sono liberi di astenersi dal comunicare tali Dati, senza che ci\u00f2 abbia alcuna conseguenza sulla disponibilit\u00e0 del Servizio o sulla sua operativit\u00e0.<br \/>\nGli Utenti che dovessero avere dubbi su quali Dati siano obbligatori, sono incoraggiati a contattare il Titolare.<br \/>\nL\u2019eventuale utilizzo di Cookie &#8211; o di altri strumenti di tracciamento &#8211; da parte di questo Sito Web o dei titolari dei servizi terzi utilizzati da questo Sito Web, ove non diversamente precisato, ha la finalit\u00e0 di fornire il Servizio richiesto dall&#8217;Utente, oltre alle ulteriori finalit\u00e0 descritte nel presente documento e nella Cookie Policy, se disponibile.<\/p>\n<h2 style=\"margin-bottom: 0px; padding-top: 20px;\">Modalit\u00e0 e luogo del trattamento dei Dati raccolti<\/h2>\n<p style=\"margin-bottom: 0px; font-weight: 300; font-size: 15px; padding-top: 20px;\">Il Titolare adotta le opportune misure di sicurezza volte ad impedire l\u2019accesso, la divulgazione, la modifica o la distruzione non autorizzate dei Dati Personali.<br \/>\nIl trattamento viene effettuato mediante strumenti informatici e\/o telematici, con modalit\u00e0 organizzative e con logiche strettamente correlate alle finalit\u00e0 indicate. Oltre al Titolare, in alcuni casi, potrebbero avere accesso ai Dati altri soggetti coinvolti nell\u2019organizzazione di questo Sito Web (personale amministrativo, commerciale, marketing, legali, amministratori di sistema) ovvero soggetti esterni (come fornitori di servizi tecnici terzi, corrieri postali, hosting provider, societ\u00e0 informatiche, agenzie di comunicazione) nominati anche, se necessario, Responsabili del Trattamento da parte del Titolare. L\u2019elenco aggiornato dei Responsabili potr\u00e0 sempre essere richiesto al Titolare del Trattamento.<\/p>\n<p style=\"margin-bottom: 0px; font-weight: 300; font-size: 15px; padding-top: 20px;\">Il Titolare tratta Dati Personali relativi all\u2019Utente in caso sussista una delle seguenti condizioni:<\/p>\n<p style=\"margin-bottom: 0px; font-weight: 300; font-size: 15px; padding-top: 20px;\">\u00c8 comunque sempre possibile richiedere al Titolare di chiarire la concreta base giuridica di ciascun trattamento ed in particolare di specificare se il trattamento sia basato sulla legge, previsto da un contratto o necessario per concludere un contratto.<\/p>\n<p style=\"margin-bottom: 0px; font-weight: 300; font-size: 15px; padding-top: 20px;\">I Dati sono trattati presso le sedi operative del Titolare ed in ogni altro luogo in cui le parti coinvolte nel trattamento siano localizzate. Per ulteriori informazioni, contatta il Titolare.<br \/>\nI Dati Personali dell\u2019Utente potrebbero essere trasferiti in un paese diverso da quello in cui l\u2019Utente si trova. Per ottenere ulteriori informazioni sul luogo del trattamento l\u2019Utente pu\u00f2 fare riferimento alla sezione relativa ai dettagli sul trattamento dei Dati Personali.<\/p>\n<h3 style=\"margin-bottom: 0px; padding-top: 25px;\">Periodo di conservazione<\/h3>\n<p style=\"margin-bottom: 0px; font-weight: 300; font-size: 15px; padding-top: 20px;\">Pertanto:<\/p>\n<p style=\"margin-bottom: 0px; font-weight: 300; font-size: 15px; padding-top: 20px;\">\n<p style=\"margin-bottom: 0px; font-weight: 300; font-size: 15px; padding-top: 20px;\">Quando il trattamento \u00e8 basato sul consenso dell\u2019Utente, il Titolare pu\u00f2 conservare i Dati Personali pi\u00f9 a lungo sino a quando detto consenso non venga revocato. Inoltre, il Titolare potrebbe essere obbligato a conservare i Dati Personali per un periodo pi\u00f9 lungo in ottemperanza ad un obbligo di legge o per ordine di un\u2019autorit\u00e0.<\/p>\n<p>Al termine del periodo di conservazione i Dati Personali saranno cancellati. Pertanto, allo spirare di tale termine il diritto di accesso, cancellazione, rettificazione ed il diritto alla portabilit\u00e0 dei Dati non potranno pi\u00f9 essere esercitati.<\/p>\n<h2 style=\"margin-bottom: 0px; padding-top: 20px;\">Finalit\u00e0 del Trattamento dei Dati raccolti<\/h2>\n<p style=\"margin-bottom: 0px; font-weight: 300; font-size: 15px; padding-top: 20px;\">Per ottenere ulteriori informazioni dettagliate sulle finalit\u00e0 del trattamento e sui Dati Personali concretamente rilevanti per ciascuna finalit\u00e0, l\u2019Utente pu\u00f2 fare riferimento alle relative sezioni di questo documento.<\/p>\n","protected":false},"excerpt":{"rendered":"<p>Privacy Policy&nbsp; Questo Sito Web raccoglie alcuni Dati Personali dei propri Utenti. Titolare del Trattamento dei Dati ANTONIO GIAMPA&#8217; Indirizzo email del Titolare:&nbsp;info@fratelligiampa.it Tipologie di Dati raccolti Dettagli completi su ciascuna tipologia di dati raccolti sono forniti nelle sezioni dedicate di questa privacy policy o mediante specifici testi informativi visualizzati prima della raccolta dei dati &hellip;<\/p>\n<p class=\"read-more\"> <a class=\"\" href=\"https:\/\/fratelligiampa.it\/index.php\/privacy-policy\/\"> <span class=\"screen-reader-text\">Privacy Policy<\/span> Leggi altro &raquo;<\/a><\/p>\n","protected":false},"author":1,"featured_media":0,"parent":0,"menu_order":0,"comment_status":"closed","ping_status":"open","template":"","meta":[],"_links":{"self":[{"href":"https:\/\/fratelligiampa.it\/index.php\/wp-json\/wp\/v2\/pages\/3"}],"collection":[{"href":"https:\/\/fratelligiampa.it\/index.php\/wp-json\/wp\/v2\/pages"}],"about":[{"href":"https:\/\/fratelligiampa.it\/index.php\/wp-json\/wp\/v2\/types\/page"}],"author":[{"embeddable":true,"href":"https:\/\/fratelligiampa.it\/index.php\/wp-json\/wp\/v2\/users\/1"}],"replies":[{"embeddable":true,"href":"https:\/\/fratelligiampa.it\/index.php\/wp-json\/wp\/v2\/comments?post=3"}],"version-history":[{"count":4,"href":"https:\/\/fratelligiampa.it\/index.php\/wp-json\/wp\/v2\/pages\/3\/revisions"}],"predecessor-version":[{"id":595,"href":"https:\/\/fratelligiampa.it\/index.php\/wp-json\/wp\/v2\/pages\/3\/revisions\/595"}],"wp:attachment":[{"href":"https:\/\/fratelligiampa.it\/index.php\/wp-json\/wp\/v2\/media?parent=3"}],"curies":[{"name":"wp","href":"https:\/\/api.w.org\/{rel}","templated":true}]}}